{"id":16,"date":"2021-11-13T18:16:57","date_gmt":"2021-11-13T17:16:57","guid":{"rendered":"http:\/\/mariosollazzo.com\/?page_id=16"},"modified":"2025-10-09T15:30:09","modified_gmt":"2025-10-09T13:30:09","slug":"about","status":"publish","type":"page","link":"https:\/\/mariosollazzo.com\/it\/about\/","title":{"rendered":"Curriculum"},"content":{"rendered":"<p>Mario Sollazzo \u00e8 nato a Napoli. Dopo essersi diplomato in pianoforte e musica da camera al Conservatorio \u201cS. Cecilia\u201d di Roma e alla Musikhochschule di Detmold in Germania, ha studiato composizione alla Musikhochschule \u201cCarl Maria von Weber\u201d di Dresda. E\u2019 laureato in filosofia presso l\u2019Universit\u00e0 Tor Vergata di Roma. Ha approfondito lo studio su strumenti storici con Paul Badura Skoda, Alexander Lonquich, Ludger Remy, Johnn Holloway, Stefano Montanari, Simon Standage.<\/p>\n\n\n\n<p>Le sue interpretazioni sono lo specchio di una forte personalit\u00e0 definita dalla <a href=\"http:\/\/mariosollazzo.com\/it\/reviews\/\">critica<\/a> come: <em>\u201calienating but sensational\u201d, \u201crefreshing: a real rethinking of the music and the drama\u201d, \u201cIncredible funny, abysmally tragic\u201d, \u201cvi \u00e8 sempre una febbrile pulsione, un\u2019instabilit\u00e0 interiore dalla quale emerge instancabilmente questo elemento storico, questa capacit\u00e0 di restituire filologicamente la dimensione conflittuale\u201d, \u201cBeinhae ein kultische Klang\u201d.<\/em><\/p>\n\n\n\n<p>Alterna l\u2019attivit\u00e0 di pianista e fortepianista a quella di clavicembalista e direttore, contando su un vastissimo repertorio che spazia dal barocco alla musica contemporanea con un forte legame verso il teatro musicale. La sua interpretazione di <em><a rel=\"noreferrer noopener\" href=\"https:\/\/ensemblealraune.com\/en\/project\/purcell-dido-aeneas\/\" target=\"_blank\">Dido &amp; Aeneas<\/a><\/em> al Teatro Comunale Pavarotti-Freni di Modena e la registrazione del capolavoro di G.B. Pergolesi <em><a rel=\"noreferrer noopener\" href=\"https:\/\/ensemblealraune.com\/en\/project\/pergolesi-san-guglielmo\/\" target=\"_blank\">La Conversione di San Guglielmo<\/a><\/em> hanno ricevuto critiche molto positive per la loro musicalit\u00e0 spontanea mista ad una profonda attenzione per i dettagli. Il suo ultimo disco da solista <em><a rel=\"noreferrer noopener\" href=\"https:\/\/open.spotify.com\/album\/1dmQCNuMfM9Zya3erXVvvf?si=syGJ_UNKSaWLfYPjbG73AQ\" target=\"_blank\">Diminuzioni all\u2019improvviso<\/a><\/em> \u00e8 stato registrato durante una notte, \u00e8 una sessione di diminuzioni al clavicembalo su musiche dal '500 al '700 totalmente improvvisata. Il disco \u00e8 stato candidato per il <a href=\"https:\/\/www.schallplattenkritik.de\/bestenlisten\" target=\"_blank\" rel=\"noreferrer noopener\">Deutschen Schallplattenkritik 2022<\/a>. Dal 2001 al 2010 ha fondato e diretto il gruppo Maramm\u00e8 col quale ha sviluppato un lavoro sulla musica popolare del meridione d'Italia. il gruppo ha pubblicato due dischi, vinto il Creole World Music Prize di Lipsia e tenuto pi\u00f9 di cento concerti in Europa. Dal 2001 al 2006 ha guidato con Stefano Zanobini l'ensemble di ricerca sulla musica e teatro barocchi \"La Congrega de' Furiosi\". Dal 2007 al 2009 \u00e8 stato responsabile musicale della Gregor Seyffert Compagnie Berlin presso l'Anhaltisches Theater Dessau. Queste ed altre eterogenee esperienze sono confluite nel 2011 in <a rel=\"noreferrer noopener\" href=\"https:\/\/www.ensemblealraune.com\" target=\"_blank\">Alraune<\/a> l'ensemble col quale conduce la sua attivit\u00e0 attuale. <\/p>\n\n\n\n<p>He has given concerts for: Gewandhaus Leipzig, Europ\u00e4isches Zentrum der K\u00fcnste Dresden, Musikfestspiele Dresden, Amici della Musica Modena, Jeunesse Musical Wien, Cristofori Piano Festival Padova, Teatro Comunale Pavarotti-Freni di Modena, Fondazione Piet\u00e0 de&#8217; Turchini Napoli, Museo Internazionale e Biblioteca della Musica Bologna, Agimus Firenze, Grandezze &amp; Meraviglie Festival Modena, Bachfest Freiberg, Napoli Musica Sacra Festival, Anhaltisches Theater Dessau, Giovent\u00f9 Musicale Modena, Teatro Valli di Reggio Emilia, Rudolstadt Festival, Stiftung Michaelstein, Ekhof Festival Gotha, Villa Pennisi in Musica Festival, Sliven Symphony Orchestra (Bulgaria), Musica in Villa Torino, Le Printemps du Violon Paris, Alte Musik Festival Bernau, Amiata Piano Festival, Schaubuden Sommer Dresden. Radio broadcastings for MDR and WDR, RSI and RAI.<\/p>\n\n\n\n<p>He recorded for Tactus, Dynamic, KHA and Novantiqua. He collaborates with theater companies and choreographers for whom he was responsible for composition, arrangement and playing of the stage music including those for: \u201cThe Magic Flute. II Part\u201d by J.W. Goethe, \u201cThe Beggar\u2019s Opera\u201d by J. Gay, \u201cThe Storm\u201d, \u201cAs you like\u201d and \u201cHamlet\u201d by W. Shakespeare, \u201cPurcells Traum\u201d by T. Dorst. His compositions has been performed at the Dresdner Tage der Zeitgen\u00f6ssische Musik, Festspielhaus Hellerau, Opernschule of the Musikhochschule in Dresden, StPauli Theater Dresden, Rheinsberg Musikakademie, BKA Berlin, Musikfestspiele in Dresden. <\/p>\n\n\n\n<p>From 2001 to 2005 he hold a \u201cLehrauftrag\u201d at the Musikhochschule in Detmold and from 2017 to 2019 at the Musikhochschule Franz Liszt in Weimar. He taught piano at the conservatories of Benevento and Campobasso. Since 2006 he is professor at the Conservatorio Vecchi-Tonelli in Modena.<\/p>","protected":false},"excerpt":{"rendered":"<p>Mario Sollazzo was born in Naples. After graduating in piano and chamber music at the \u201cS. Cecilia\u201d Conservatory in Rome and at Detmold\u2019s Musikhochschule in Germany, he subsequently studied composition at the \u201cCarl Maria von Weber\u201d Musikhochschule in Dresden. He graduated in philosophy at the Tor Vergata University in Rome. He deepened the study on &hellip; <\/p>\n<p class=\"link-more\"><a href=\"https:\/\/mariosollazzo.com\/it\/about\/\" class=\"more-link\">Leggi tutto<span class=\"screen-reader-text\"> &#8220;About&#8221;<\/span><\/a><\/p>","protected":false},"author":1,"featured_media":0,"parent":0,"menu_order":0,"comment_status":"closed","ping_status":"closed","template":"","meta":{"footnotes":""},"class_list":["post-16","page","type-page","status-publish","hentry"],"_links":{"self":[{"href":"https:\/\/mariosollazzo.com\/it\/wp-json\/wp\/v2\/pages\/16","targetHints":{"allow":["GET"]}}],"collection":[{"href":"https:\/\/mariosollazzo.com\/it\/wp-json\/wp\/v2\/pages"}],"about":[{"href":"https:\/\/mariosollazzo.com\/it\/wp-json\/wp\/v2\/types\/page"}],"author":[{"embeddable":true,"href":"https:\/\/mariosollazzo.com\/it\/wp-json\/wp\/v2\/users\/1"}],"replies":[{"embeddable":true,"href":"https:\/\/mariosollazzo.com\/it\/wp-json\/wp\/v2\/comments?post=16"}],"version-history":[{"count":9,"href":"https:\/\/mariosollazzo.com\/it\/wp-json\/wp\/v2\/pages\/16\/revisions"}],"predecessor-version":[{"id":10343,"href":"https:\/\/mariosollazzo.com\/it\/wp-json\/wp\/v2\/pages\/16\/revisions\/10343"}],"wp:attachment":[{"href":"https:\/\/mariosollazzo.com\/it\/wp-json\/wp\/v2\/media?parent=16"}],"curies":[{"name":"wp","href":"https:\/\/api.w.org\/{rel}","templated":true}]}}